{"id":1537,"date":"2024-01-13T10:54:41","date_gmt":"2024-01-13T10:54:41","guid":{"rendered":"https:\/\/radiotechnika.com.pl\/projekty-dofinansowane\/"},"modified":"2024-11-20T11:21:50","modified_gmt":"2024-11-20T11:21:50","slug":"granted-projects","status":"publish","type":"page","link":"https:\/\/radiotechnika.com.pl\/en\/granted-projects\/","title":{"rendered":"Granted projects"},"content":{"rendered":"\n<figure class=\"wp-block-image size-large ncbr\"><img loading=\"lazy\" decoding=\"async\" width=\"1024\" height=\"82\" src=\"https:\/\/radiotechnika.com.pl\/wp-content\/uploads\/belka-POIR_en_-1024x82.jpg\" alt=\"\" class=\"wp-image-1566\" srcset=\"https:\/\/radiotechnika.com.pl\/wp-content\/uploads\/belka-POIR_en_-1024x82.jpg 1024w, https:\/\/radiotechnika.com.pl\/wp-content\/uploads\/belka-POIR_en_-300x24.jpg 300w, https:\/\/radiotechnika.com.pl\/wp-content\/uploads\/belka-POIR_en_-768x61.jpg 768w, https:\/\/radiotechnika.com.pl\/wp-content\/uploads\/belka-POIR_en_.jpg 1529w\" sizes=\"auto, (max-width: 1024px) 100vw, 1024px\" \/><\/figure>\n\n\n\n<figure class=\"wp-block-table\"><table><tbody><tr><td><strong>PROJECT:<\/strong><\/td><td>\u201e<strong>Hybrid drive for ultralight aircrafts with the option of applying modules as a range extender and for drone drive\u201d<\/strong><\/td><\/tr><tr><td><strong>Brief description of the project<\/strong><\/td><td>Projekt zak\u0142ada przeprowadzenie bada\u0144 przemys\u0142owych oraz prac rozwojowych, celem opracowania nowatorskiego w skali kraju nap\u0119du hybrydowego do ultralekkich statk\u00f3w powietrznych. Innowacyjny nap\u0119d hybrydowy b\u0119dzie si\u0119 wyr\u00f3\u017cnia\u0107: wysokim momentem obrotowym i moc\u0105 przy niskich pr\u0119dko\u015bciach obrotowych, co zostanie osi\u0105gni\u0119te poprzez r\u00f3wnoleg\u0142\u0105 prac\u0119 silnika spalinowego i elektrycznego, wysokim stosunkiem mocy maksymalnej do masy (g\u0119sto\u015bci\u0105 mocy), kompaktow\u0105 konstrukcj\u0105, zwi\u0119kszeniem bezpiecze\u0144stwa poprzez zapewnienie pracy redundantnej, pozwalaj\u0105cej na awaryjne l\u0105dowanie z wykorzystaniem samego silnika elektrycznego lub samego silnika spalinowego, mo\u017cliwo\u015bci\u0105 wykonywania kr\u00f3tkich lot\u00f3w pos\u0142uguj\u0105c si\u0119 wy\u0142\u0105cznie silnikiem elektrycznym, \u0142aduj\u0105c baterie z sieci elektroenergetycznej, zmniejszeniem ha\u0142asu w pobli\u017cu lotnisk (statek powietrzny b\u0119dzie rzadziej korzysta\u0142 z maksymalnej pr\u0119dko\u015bci obrotowej silnika spalinowego), kr\u00f3tszym dystansem rozbiegu przy starcie statku powietrznego wyposa\u017conego w opracowany nap\u0119d, zmniejszeniem \u015bredniego zapotrzebowania na paliwo z uwagi na mniejsz\u0105 mas\u0119 startow\u0105 statku powietrznego.<\/td><\/tr><tr><td><strong>Value of the project:<\/strong><\/td><td>8.712.131,63 Z\u0141<\/td><\/tr><tr><td><strong>Contribution of European funds:<\/strong><\/td><td>6.441.440,27 Z\u0141<\/td><\/tr><tr><td><strong>Beneficiary:<\/strong><\/td><td>\u015awi\u0105tek Sp. z o.o. (Lider Konsorcjum), Radiotechnika Marketing Sp. z o.o. (Konsorcjant)<\/td><\/tr><tr><td><strong>Implementation period:<\/strong><\/td><td>2020-2023<\/td><\/tr><tr><td colspan=\"2\">Project co-financed by the European Union from the Regional Development Fund within the framework of the Smart Development Programme, Action 1.1 \"B+R Projects of Enterprises\", Sub-Actions 1.1.1 \"Industrial Research and Development Activities of Enterprises\". The project was implemented within the framework of the National Centre for Research and Development: Fast Track.<\/td><\/tr><\/tbody><\/table><\/figure>\n\n\n\n<figure class=\"wp-block-image size-full\"><img loading=\"lazy\" decoding=\"async\" width=\"167\" height=\"54\" src=\"https:\/\/radiotechnika.com.pl\/wp-content\/uploads\/NCBR_logo_ENG_FINAL.png\" alt=\"\" class=\"wp-image-1571\"\/><\/figure>\n\n\n\n<figure class=\"wp-block-table\"><table><tbody><tr><td><strong>PROJECT:<\/strong><\/td><td>\"<strong>Methods of defense and protection against HPM impulses\".<\/strong><\/td><\/tr><tr><td><strong>Value of the project:<\/strong><\/td><td>87.200.000 Z\u0141<\/td><\/tr><tr><td><strong>Funding value:<\/strong><\/td><td>83.700.000 Z\u0141<\/td><\/tr><tr><td><strong>Beneficiary:<\/strong><\/td><td>Military University of Technology (leader), Warsaw University of Technology, PITRADWAR S.A., Wroclaw University of Science and Technology, Air Force Institute of Technology, Radiotechnika Marketing Sp. z o.o., Pol-Spec-Tech-Service.<\/td><\/tr><tr><td><strong>Implementation period:<\/strong><\/td><td>2014 - 2021<\/td><\/tr><tr><td colspan=\"2\">Project entitled \"<strong>Methods of defense and protection against HPM impulses<\/strong>\" (Contract No. DOB-1-3\/1\/PS\/2014) co-financed by the National Centre for Research and Development within the framework of Competition No. 1\/PS\/2014 for the implementation of projects under the Strategic Programme entitled: \"New weapon and defence systems in the field of directed energy.\u201d<\/td><\/tr><\/tbody><\/table><\/figure>\n\n\n\n<figure class=\"wp-block-image size-full\"><img loading=\"lazy\" decoding=\"async\" width=\"167\" height=\"54\" src=\"https:\/\/radiotechnika.com.pl\/wp-content\/uploads\/NCBR_logo_ENG_FINAL.png\" alt=\"\" class=\"wp-image-1571\"\/><\/figure>\n\n\n\n<figure class=\"wp-block-table\"><table><tbody><tr><td><strong>PROJECT:<\/strong><\/td><td><strong>\u201eResearch infrastructure in the field of new technologies related to generators for generation of high-power electromagnetic pulses, HPM, HPRF, RFDF pulse-transmitting antennas, material technologies related to defence and protection, measuring devices\".<\/strong><\/td><\/tr><tr><td><strong>Value of the project:<\/strong><\/td><td>67.500.000 Z\u0141<\/td><\/tr><tr><td><strong>Funding value:<\/strong><\/td><td>60.600.000 Z\u0141<\/td><\/tr><tr><td><strong>Beneficiary:<\/strong><\/td><td>Military University of Technology (Leader), PITRADWAR S.A., Wroclaw University of Science and Technology, Radiotechnika Marketing Sp. z o.o., Military Institute of Armament Technology.<\/td><\/tr><tr><td><strong>Implementation period:<\/strong><\/td><td>2015 - 2020<\/td><\/tr><tr><td colspan=\"2\">Project entitled \"Research infrastructure in the field of new technologies related to generators for the generation of high-power electromagnetic pulses, HPM, HPRF, RFDF pulse-transmitting antennas, material technologies related to defence and protection, measuring equipment\" (Contract No. DOB-1-4\/1\/PS\/2014) co-financed by the National Centre for Research and Development within the framework of Competition 1\/PS\/2014 for the implementation of projects under the Strategic Programme entitled \"New weapon and defence systems in the field of directed energy\".<\/td><\/tr><\/tbody><\/table><\/figure>\n","protected":false},"excerpt":{"rendered":"<p>PROJECT: \u201eHybrid drive for ultralight aircrafts with the option of applying modules as a range extender and for drone drive\u201d...<\/p>\n","protected":false},"author":1,"featured_media":0,"parent":0,"menu_order":0,"comment_status":"closed","ping_status":"closed","template":"","meta":{"_acf_changed":false,"footnotes":""},"class_list":["post-1537","page","type-page","status-publish","hentry"],"acf":[],"yoast_head":"<!-- This site is optimized with the Yoast SEO plugin v25.1 - https:\/\/yoast.com\/wordpress\/plugins\/seo\/ -->\n<title>Granted projects - Radiotechnika Marketing - Witamy<\/title>\n<meta name=\"robots\" content=\"index, follow, max-snippet:-1, max-image-preview:large, max-video-preview:-1\" \/>\n<link rel=\"canonical\" href=\"https:\/\/radiotechnika.com.pl\/en\/granted-projects\/\" \/>\n<meta property=\"og:locale\" content=\"en_US\" \/>\n<meta property=\"og:type\" content=\"article\" \/>\n<meta property=\"og:title\" content=\"Granted projects - Radiotechnika Marketing - Witamy\" \/>\n<meta property=\"og:description\" content=\"PROJECT: \u201eHybrid drive for ultralight aircrafts with the option of applying modules as a range extender and for drone drive\u201d...\" \/>\n<meta property=\"og:url\" content=\"https:\/\/radiotechnika.com.pl\/en\/granted-projects\/\" \/>\n<meta property=\"og:site_name\" content=\"Radiotechnika Marketing - Witamy\" \/>\n<meta property=\"article:modified_time\" content=\"2024-11-20T11:21:50+00:00\" \/>\n<meta property=\"og:image\" content=\"https:\/\/radiotechnika.com.pl\/wp-content\/uploads\/belka-POIR_en_.jpg\" \/>\n\t<meta property=\"og:image:width\" content=\"1529\" \/>\n\t<meta property=\"og:image:height\" content=\"122\" \/>\n\t<meta property=\"og:image:type\" content=\"image\/jpeg\" \/>\n<meta name=\"twitter:card\" content=\"summary_large_image\" \/>\n<meta name=\"twitter:label1\" content=\"Est. reading time\" \/>\n\t<meta name=\"twitter:data1\" content=\"8 minutes\" \/>\n<script type=\"application\/ld+json\" class=\"yoast-schema-graph\">{\"@context\":\"https:\/\/schema.org\",\"@graph\":[{\"@type\":\"WebPage\",\"@id\":\"https:\/\/radiotechnika.com.pl\/en\/granted-projects\/\",\"url\":\"https:\/\/radiotechnika.com.pl\/en\/granted-projects\/\",\"name\":\"Granted projects - Radiotechnika Marketing - Witamy\",\"isPartOf\":{\"@id\":\"https:\/\/radiotechnika.com.pl\/en\/#website\"},\"primaryImageOfPage\":{\"@id\":\"https:\/\/radiotechnika.com.pl\/en\/granted-projects\/#primaryimage\"},\"image\":{\"@id\":\"https:\/\/radiotechnika.com.pl\/en\/granted-projects\/#primaryimage\"},\"thumbnailUrl\":\"https:\/\/radiotechnika.com.pl\/wp-content\/uploads\/belka-POIR_en_-1024x82.jpg\",\"datePublished\":\"2024-01-13T10:54:41+00:00\",\"dateModified\":\"2024-11-20T11:21:50+00:00\",\"breadcrumb\":{\"@id\":\"https:\/\/radiotechnika.com.pl\/en\/granted-projects\/#breadcrumb\"},\"inLanguage\":\"en-US\",\"potentialAction\":[{\"@type\":\"ReadAction\",\"target\":[\"https:\/\/radiotechnika.com.pl\/en\/granted-projects\/\"]}]},{\"@type\":\"ImageObject\",\"inLanguage\":\"en-US\",\"@id\":\"https:\/\/radiotechnika.com.pl\/en\/granted-projects\/#primaryimage\",\"url\":\"https:\/\/radiotechnika.com.pl\/wp-content\/uploads\/belka-POIR_en_-1024x82.jpg\",\"contentUrl\":\"https:\/\/radiotechnika.com.pl\/wp-content\/uploads\/belka-POIR_en_-1024x82.jpg\"},{\"@type\":\"BreadcrumbList\",\"@id\":\"https:\/\/radiotechnika.com.pl\/en\/granted-projects\/#breadcrumb\",\"itemListElement\":[{\"@type\":\"ListItem\",\"position\":1,\"name\":\"Home\",\"item\":\"https:\/\/radiotechnika.com.pl\/en\/\"},{\"@type\":\"ListItem\",\"position\":2,\"name\":\"Granted projects\"}]},{\"@type\":\"WebSite\",\"@id\":\"https:\/\/radiotechnika.com.pl\/en\/#website\",\"url\":\"https:\/\/radiotechnika.com.pl\/en\/\",\"name\":\"Radiotechnika Marketing - Witamy\",\"description\":\"Radiotechnika Marketing &ndash; Producent i dystrybutor urz\u0105dze\u0144 i podzespo\u0142&oacute;w do zastosowa\u0144 wojskowych i przemys\u0142owych. Kable, \u015bwiat\u0142owody, sieci komputerowe\",\"potentialAction\":[{\"@type\":\"SearchAction\",\"target\":{\"@type\":\"EntryPoint\",\"urlTemplate\":\"https:\/\/radiotechnika.com.pl\/en\/?s={search_term_string}\"},\"query-input\":{\"@type\":\"PropertyValueSpecification\",\"valueRequired\":true,\"valueName\":\"search_term_string\"}}],\"inLanguage\":\"en-US\"}]}<\/script>\n<!-- \/ Yoast SEO plugin. -->","yoast_head_json":{"title":"Granted projects - Radiotechnika Marketing - Witamy","robots":{"index":"index","follow":"follow","max-snippet":"max-snippet:-1","max-image-preview":"max-image-preview:large","max-video-preview":"max-video-preview:-1"},"canonical":"https:\/\/radiotechnika.com.pl\/en\/granted-projects\/","og_locale":"en_US","og_type":"article","og_title":"Granted projects - Radiotechnika Marketing - Witamy","og_description":"PROJECT: \u201eHybrid drive for ultralight aircrafts with the option of applying modules as a range extender and for drone drive\u201d...","og_url":"https:\/\/radiotechnika.com.pl\/en\/granted-projects\/","og_site_name":"Radiotechnika Marketing - Witamy","article_modified_time":"2024-11-20T11:21:50+00:00","og_image":[{"width":1529,"height":122,"url":"https:\/\/radiotechnika.com.pl\/wp-content\/uploads\/belka-POIR_en_.jpg","type":"image\/jpeg"}],"twitter_card":"summary_large_image","twitter_misc":{"Est. reading time":"8 minutes"},"schema":{"@context":"https:\/\/schema.org","@graph":[{"@type":"WebPage","@id":"https:\/\/radiotechnika.com.pl\/en\/granted-projects\/","url":"https:\/\/radiotechnika.com.pl\/en\/granted-projects\/","name":"Granted projects - Radiotechnika Marketing - Witamy","isPartOf":{"@id":"https:\/\/radiotechnika.com.pl\/en\/#website"},"primaryImageOfPage":{"@id":"https:\/\/radiotechnika.com.pl\/en\/granted-projects\/#primaryimage"},"image":{"@id":"https:\/\/radiotechnika.com.pl\/en\/granted-projects\/#primaryimage"},"thumbnailUrl":"https:\/\/radiotechnika.com.pl\/wp-content\/uploads\/belka-POIR_en_-1024x82.jpg","datePublished":"2024-01-13T10:54:41+00:00","dateModified":"2024-11-20T11:21:50+00:00","breadcrumb":{"@id":"https:\/\/radiotechnika.com.pl\/en\/granted-projects\/#breadcrumb"},"inLanguage":"en-US","potentialAction":[{"@type":"ReadAction","target":["https:\/\/radiotechnika.com.pl\/en\/granted-projects\/"]}]},{"@type":"ImageObject","inLanguage":"en-US","@id":"https:\/\/radiotechnika.com.pl\/en\/granted-projects\/#primaryimage","url":"https:\/\/radiotechnika.com.pl\/wp-content\/uploads\/belka-POIR_en_-1024x82.jpg","contentUrl":"https:\/\/radiotechnika.com.pl\/wp-content\/uploads\/belka-POIR_en_-1024x82.jpg"},{"@type":"BreadcrumbList","@id":"https:\/\/radiotechnika.com.pl\/en\/granted-projects\/#breadcrumb","itemListElement":[{"@type":"ListItem","position":1,"name":"Home","item":"https:\/\/radiotechnika.com.pl\/en\/"},{"@type":"ListItem","position":2,"name":"Granted projects"}]},{"@type":"WebSite","@id":"https:\/\/radiotechnika.com.pl\/en\/#website","url":"https:\/\/radiotechnika.com.pl\/en\/","name":"Radiotechnika Marketing - Witamy","description":"Radiotechnika Marketing &ndash; Producent i dystrybutor urz\u0105dze\u0144 i podzespo\u0142&oacute;w do zastosowa\u0144 wojskowych i przemys\u0142owych. Kable, \u015bwiat\u0142owody, sieci komputerowe","potentialAction":[{"@type":"SearchAction","target":{"@type":"EntryPoint","urlTemplate":"https:\/\/radiotechnika.com.pl\/en\/?s={search_term_string}"},"query-input":{"@type":"PropertyValueSpecification","valueRequired":true,"valueName":"search_term_string"}}],"inLanguage":"en-US"}]}},"_links":{"self":[{"href":"https:\/\/radiotechnika.com.pl\/en\/wp-json\/wp\/v2\/pages\/1537","targetHints":{"allow":["GET"]}}],"collection":[{"href":"https:\/\/radiotechnika.com.pl\/en\/wp-json\/wp\/v2\/pages"}],"about":[{"href":"https:\/\/radiotechnika.com.pl\/en\/wp-json\/wp\/v2\/types\/page"}],"author":[{"embeddable":true,"href":"https:\/\/radiotechnika.com.pl\/en\/wp-json\/wp\/v2\/users\/1"}],"replies":[{"embeddable":true,"href":"https:\/\/radiotechnika.com.pl\/en\/wp-json\/wp\/v2\/comments?post=1537"}],"version-history":[{"count":3,"href":"https:\/\/radiotechnika.com.pl\/en\/wp-json\/wp\/v2\/pages\/1537\/revisions"}],"predecessor-version":[{"id":1574,"href":"https:\/\/radiotechnika.com.pl\/en\/wp-json\/wp\/v2\/pages\/1537\/revisions\/1574"}],"wp:attachment":[{"href":"https:\/\/radiotechnika.com.pl\/en\/wp-json\/wp\/v2\/media?parent=1537"}],"curies":[{"name":"wp","href":"https:\/\/api.w.org\/{rel}","templated":true}]}}