{"id":1520,"date":"2022-07-19T19:14:14","date_gmt":"2022-07-19T19:14:14","guid":{"rendered":"https:\/\/radiotechnika.com.pl\/polityka-prywatnosci\/"},"modified":"2024-11-17T19:39:05","modified_gmt":"2024-11-17T19:39:05","slug":"privacy-policy","status":"publish","type":"page","link":"https:\/\/radiotechnika.com.pl\/en\/privacy-policy\/","title":{"rendered":"Privacy Policy"},"content":{"rendered":"\n<h3 class=\"wp-block-heading\">CZYM JEST POLITYKA PRYWATNO\u015aCI?<\/h3>\n\n\n\n<p>Chcieliby\u015bmy zapozna\u0107 Ci\u0119 ze szczeg\u00f3\u0142ami przetwarzania przez nas Twoich danych osobowych, aby da\u0107 Ci pe\u0142n\u0105 wiedz\u0119 i komfort w kontaktach z nami i korzystaniu z naszej strony internetowej.<\/p>\n\n\n\n<p>Wiemy jak wa\u017cna jest ochrona Twoich danych osobowych. Dlatego dok\u0142adamy szczeg\u00f3lnych stara\u0144, aby chroni\u0107 Twoj\u0105 prywatno\u015b\u0107 i informacje, kt\u00f3re nam przekazujesz.<\/p>\n\n\n\n<p>Starannie dobieramy i stosujemy odpowiednie \u015brodki techniczne, w szczeg\u00f3lno\u015bci te o charakterze programistycznym i organizacyjnym, zapewniaj\u0105ce ochron\u0119 przetwarzanych danych osobowych. Nasza strona u\u017cywa szyfrowanej transmisji danych (SSL), co zapewnia ochron\u0119 identyfikuj\u0105cych Ci\u0119 danych.<\/p>\n\n\n\n<p>W naszej Polityce prywatno\u015bci znajdziesz wszystkie najwa\u017cniejsze informacje odno\u015bnie przetwarzania przez nas Twoich danych osobowych. Prosimy Ci\u0119 o jej przeczytanie i obiecujemy, \u017ce nie zajmie Ci to wi\u0119cej ni\u017c kilka minut.<\/p>\n\n\n\n<h3 class=\"wp-block-heading\">DANE OSOBOWE<\/h3>\n\n\n\n<h4 class=\"wp-block-heading\">Jaki akt prawny reguluje przetwarzanie Twoich danych osobowych?<\/h4>\n\n\n\n<p>Twoje dane osobowe s\u0105 przez nas zbierane i przetwarzane zgodnie z przepisami Rozporz\u0105dzenia Parlamentu Europejskiego i Rady (UE) 2016\/679 z 27.04.2016 r. w sprawie ochrony os\u00f3b fizycznych w zwi\u0105zku z przetwarzaniem danych osobowych i w sprawie swobodnego przep\u0142ywu takich danych oraz uchylenia dyrektywy 95\/46\/WE (og\u00f3lne rozporz\u0105dzenie o ochronie danych) (Dz.Urz. UE L 119, s. 1), zwanego powszechnie: RODO. W zakresie nieuregulowanym przez RODO przetwarzanie danych osobowych jest regulowane przez Ustaw\u0119 o ochronie danych osobowych z dnia 10 maja 2018 r.<\/p>\n\n\n\n<h4 class=\"wp-block-heading\">Kto jest administratorem Twoich danych osobowych?<\/h4>\n\n\n\n<p>Administratorem Twoich danych osobowych jest Radiotechnika Marketing sp. z o.o. z siedzib\u0105 w Pietrzykowicach (adres: ul. Fabryczna 20, 55-080 K\u0105ty Wroc\u0142awskie)., zarejestrowana przez S\u0105d Rejonowy dla Wroc\u0142awia-Fabrycznej we Wroc\u0142awiu, VI Wydzia\u0142 Gospodarczy Krajowego Rejestru S\u0105dowego, nr KRS 0000081342, NIP 8980016823, REGON 930090316, o kapitale zak\u0142adowym w wysoko\u015bci: 102 000,00 z\u0142,<\/p>\n\n\n\n<p>W sprawie swoich danych osobowych mo\u017cesz skontaktowa\u0107 si\u0119 z nami za pomoc\u0105:<\/p>\n\n\n\n<ul class=\"wp-block-list\">\n<li>poczty elektronicznej: dane.osobowe@radiotechnika.com.pl,<\/li>\n\n\n\n<li>poczty tradycyjnej: ul. Fabryczna 20, 55-080 K\u0105ty Wroc\u0142awskie,<\/li>\n\n\n\n<li> telefonu: 71\u00a0327 07 00<\/li>\n<\/ul>\n\n\n\n<h3 class=\"wp-block-heading\">JAK PRZETWARZAMY TWOJE DANE OSOBOWE, KT\u00d3RE NAM PODAJESZ?<\/h3>\n\n\n\n<h4 class=\"wp-block-heading\">Jakie dane osobowe przetwarzamy i w jakich celach je przetwarzamy?<\/h4>\n\n\n\n<figure class=\"wp-block-table\"><table><tbody><tr><td><strong>Cel<\/strong><\/td><td><strong>Dane osobowe<\/strong><\/td><td><strong>Podstawa prawna przetwarzania<\/strong><\/td><td><strong>Czas przechowywania danych<\/strong><\/td><\/tr><tr><td>zawarcie i wykonanie umowy<\/td><td>imi\u0119, nazwisko, adres korespondencyjny, NIP, adres e-mail, numer telefonu<\/td><td>art. 6 ust. 1 lit. b) RODO, tj. przetwarzanie w celu podj\u0119cia dzia\u0142a\u0144 na Twoje \u017c\u0105danie, przed zawarciem umowy oraz przetwarzanie niezb\u0119dne w celu wykonania umowy, kt\u00f3rej jeste\u015b stron\u0105<\/td><td>do up\u0142ywu okresu przedawnienia roszcze\u0144 dotycz\u0105cych wykonania umowy<\/td><\/tr><tr><td>przeprowadzenie procesu rekrutacji \u2013 uprawnienia wynikaj\u0105ce z kodeksu pracy<\/td><td>imi\u0119 i&nbsp;nazwisko, data urodzenia, dane kontaktowe, wykszta\u0142cenie, kwalifikacje zawodowe i przebieg dotychczasowego zatrudnienia<\/td><td>Art. 6 ust. 1 lit. c) RODO, tj. przetwarzanie jest niezb\u0119dne do wype\u0142nienia obowi\u0105zk\u00f3w prawnych ci\u0105\u017c\u0105cych na nas, wynikaj\u0105cych z przepis\u00f3w prawa, w szczeg\u00f3lno\u015bci art. 22\u00b9 kodeksu pracy<\/td><td>Przez okres trwania rekrutacji<\/td><\/tr><tr><td>Przeprowadzenie procesu rekrutacji \u2013 zgoda kandydata<\/td><td>dane osobowe inne ni\u017c wskazane w punkcie powy\u017cej, przekazane w CV, formularzu, li\u015bcie motywacyjnym i innych dokumentach.&nbsp;<\/td><td>art. 6 ust. 1 lit. a) RODO, tj. zgoda osoby, kt\u00f3rej dane dotycz\u0105<\/td><td>Przez okres trwania rekrutacji<\/td><\/tr><tr><td>Przeprowadzenie procesu rekrutacji - sprawdzenie umiej\u0119tno\u015bci i zdolno\u015bci kandydata potrzebnych do pracy na&nbsp;okre\u015blonym w&nbsp;og\u0142oszeniu stanowisku &nbsp;<br><\/td><td>Dane osobowe pozyskane w trakcie procesu rekrutacji<\/td><td>art. 6 ust. 1 lit. f) RODO tj. przetwarzanie w celu realizacji naszego prawnie uzasadnionego interesu, polegaj\u0105cego na sprawdzeniu umiej\u0119tno\u015bci kandydata potrzebnych do pracy na okre\u015blonym w og\u0142oszeniu stanowisku<\/td><td>Przez okres trwania rekrutacji<\/td><\/tr><tr><td>Proces rekrutacji - przeprowadzenie przysz\u0142ych proces\u00f3w rekrutacyjnych,<br><\/td><td>Dane osobowe pozyskane w trakcie procesu rekrutacji<\/td><td>art. 6 ust. 1 lit. a) RODO, tj. zgoda osoby, kt\u00f3rej dane dotycz\u0105<\/td><td>Przez okres 12 miesi\u0119cy do dnia wyra\u017cenia zgody<\/td><\/tr><tr><td>formularz kontaktowy<\/td><td>imi\u0119, nazwisko, adres e-mail,<\/td><td>art. 6 ust. 1 lit. f) RODO tj. przetwarzanie w celu realizacji naszego prawnie uzasadnionego interesu, polegaj\u0105cego na utrzymywaniu ci\u0105g\u0142o\u015bci komunikacji i umo\u017cliwieniu kontaktu z nami w sprawach prowadzonej dzia\u0142alno\u015bci gospodarczej<\/td><td>do momentu wniesienia sprzeciwu wobec przetwarzania danych osobowych<\/td><\/tr><tr><td>analiza ruchu na stronie<\/td><td>adres pobytu, adres IP<\/td><td>Art. 6 ust. 1 lit. f) RODO, tj. przetwarzanie w celu realizacji naszego prawnie uzasadnionego interesu polegaj\u0105cego na analizie ruchu na stronie<\/td><td>do momentu wniesienia sprzeciwu wobec przetwarzania danych osobowych<\/td><\/tr><tr><td>ustalenie, dochodzenie i egzekucja roszcze\u0144 i obrona przed roszczeniami w post\u0119powaniu przed s\u0105dami i innymi organami pa\u0144stwowymi<\/td><td>imi\u0119, nazwisko, adres zamieszkania, nr PESEL, NIP, REGON, adres e-mail, nr telefonu, nr IP, nr rachunku bankowego, nr karty p\u0142atniczej<\/td><td>art. 6 ust. 1 lit. f) RODO tj. przetwarzanie w celu realizacji naszego prawnie uzasadnionego interesu, polegaj\u0105cego na ustaleniu, dochodzeniu i egzekucji roszcze\u0144 oraz na obronie przed roszczeniami w post\u0119powaniu przed s\u0105dami i innymi organami pa\u0144stwowymi<\/td><td>do up\u0142ywu okresu przedawnienia roszcze\u0144 dotycz\u0105cych wykonania umowy<\/td><\/tr><tr><td>wype\u0142nienie obowi\u0105zk\u00f3w prawnych wynikaj\u0105cych z przepis\u00f3w prawnych, w szczeg\u00f3lno\u015bci przepis\u00f3w podatkowych i rachunkowych<\/td><td>imi\u0119, nazwisko, firma, nr PESEL, NIP lub REGON, adres e-mail, nr telefonu, adres korespondencyjny, nr karty p\u0142atniczej<\/td><td>Art. 6 ust. 1 lit. c) RODO, tj. przetwarzanie jest niezb\u0119dne do wype\u0142nienia obowi\u0105zk\u00f3w prawnych ci\u0105\u017c\u0105cych na nas, wynikaj\u0105cych z przepis\u00f3w prawa, w szczeg\u00f3lno\u015bci przepis\u00f3w podatkowych i rachunkowych<\/td><td>do momentu wyga\u015bni\u0119cia obowi\u0105zk\u00f3w prawnych ci\u0105\u017c\u0105cych na Administratorze, kt\u00f3re uzasadnia\u0142y przetwarzanie danych osobowych<\/td><\/tr><\/tbody><\/table><\/figure>\n\n\n\n<h4 class=\"wp-block-heading\">Dobrowolno\u015b\u0107 podania danych osobowych<\/h4>\n\n\n\n<p>Podanie przez Ciebie wymaganych danych osobowych jest dobrowolne ale stanowi warunek \u015bwiadczenia przez nas us\u0142ug na Twoj\u0105 rzecz.<\/p>\n\n\n\n<h4 class=\"wp-block-heading\">Odbiorcy danych osobowych<\/h4>\n\n\n\n<p>Odbiorcami danych osobowych s\u0105 wsp\u00f3\u0142pracuj\u0105ce z nami podmioty np. firmy kurierskie.<\/p>\n\n\n\n<h4 class=\"wp-block-heading\">Czy b\u0119dziemy przekazywa\u0107 Twoje dane osobowe poza EOG lub do organizacji mi\u0119dzynarodowej?<\/h4>\n\n\n\n<p>W celu korzystania z narz\u0119dzi pomiarowych i marketingowych Google, Twoje dane osobowe mog\u0105 by\u0107 przekazywane do Stan\u00f3w Zjednoczonych, gdzie znajduj\u0105 si\u0119 serwery Google LLC.<\/p>\n\n\n\n<p>Google LLC figuruje w wykazie podmiot\u00f3w uczestnicz\u0105cych w programie Tarczy Prywatno\u015bci (link: https:\/\/www.privacyshield.gov\/participant?id=a2zt000000001L5AAI&amp;status=Active), a tak\u017ce stosuje wzorcowe klauzule umowne dotycz\u0105ce bezpiecze\u0144stwa danych zatwierdzone przez Komisj\u0119 Europejsk\u0105<\/p>\n\n\n\n<h3 class=\"wp-block-heading\">JAKIE PRZYS\u0141UGUJ\u0104 CI PRAWA W ZWI\u0104ZKU Z PRZETWARZANIEM PRZEZ NAS TWOICH DANYCH OSOBOWYCH?<\/h3>\n\n\n\n<p>Masz prawo do:<\/p>\n\n\n\n<ul class=\"wp-block-list\">\n<li>dost\u0119pu do swoich danych osobowych,<\/li>\n\n\n\n<li>sprostowania swoich danych osobowych,<\/li>\n\n\n\n<li>usuni\u0119cia swoich danych osobowych,<\/li>\n\n\n\n<li>ograniczenia przetwarzania danych osobowych,<\/li>\n\n\n\n<li>wniesienia sprzeciwu wobec przetwarzania danych osobowych.<\/li>\n<\/ul>\n\n\n\n<p>Wszystkie uprawnienia mo\u017cesz zrealizowa\u0107 kontaktuj\u0105c si\u0119 z nami drog\u0105 elektroniczn\u0105 albo poczt\u0105 tradycyjn\u0105. Wniosek powinien w miar\u0119 mo\u017cliwo\u015bci precyzyjnie wskazywa\u0107, czego dotyczy \u017c\u0105danie, tj. w szczeg\u00f3lno\u015bci: z jakiego uprawnienia chcesz skorzysta\u0107, jakiego procesu albo jakich cel\u00f3w przetwarzania dotyczy \u017c\u0105danie.<\/p>\n\n\n\n<p>W razie zg\u0142oszenia nam kt\u00f3regokolwiek z wymienionych powy\u017cej \u017c\u0105da\u0144 bez zb\u0119dnej zw\u0142oki \u2013 a w ka\u017cdym razie w terminie miesi\u0105ca od otrzymania \u017c\u0105dania \u2013 udzielimy Ci informacji o dzia\u0142aniach podj\u0119tych w zwi\u0105zku ze zg\u0142oszonym przez Ciebie \u017c\u0105daniem.<\/p>\n\n\n\n<p>W razie potrzeby mo\u017cemy wyd\u0142u\u017cy\u0107 termin miesi\u0119czny o kolejne dwa miesi\u0105ce z uwagi na skomplikowany charakter \u017c\u0105dania lub liczb\u0119 \u017c\u0105da\u0144.<\/p>\n\n\n\n<p>W ka\u017cdym wypadku poinformujemy Ciebie w terminie miesi\u0105ca od otrzymania \u017c\u0105dania o przed\u0142u\u017ceniu terminu i podamy Tobie przyczyny op\u00f3\u017anienia.<\/p>\n\n\n\n<h4 class=\"wp-block-heading\">Prawo dost\u0119pu do danych osobowych (art. 15 RODO)<\/h4>\n\n\n\n<p>Masz prawo uzyskania informacji czy przetwarzamy Twoje dane osobowe. Je\u017celi przetwarzamy Twoje dane osobowe to masz prawo do:<\/p>\n\n\n\n<ul class=\"wp-block-list\">\n<li>dost\u0119pu do danych osobowych,<\/li>\n\n\n\n<li>uzyskania informacji o celach przetwarzania, kategoriach przetwarzanych danych osobowych, o odbiorcach lub kategoriach odbiorc\u00f3w tych danych, planowanym okresie przechowywania Twoich danych lub o kryteriach ustalania tego okresu, o prawach przys\u0142uguj\u0105cych Ci na mocy RODO oraz o prawie wniesienia skargi do Prezesa Urz\u0119du Ochrony Danych Osobowych, o \u017ar\u00f3dle tych danych, o zautomatyzowanym podejmowaniu decyzji, w tym o profilowaniu oraz o zabezpieczeniach stosowanych w zwi\u0105zku z przekazaniem tych danych poza Uni\u0119 Europejsk\u0105;<\/li>\n\n\n\n<li>uzyskania kopii swoich danych osobowych.<\/li>\n<\/ul>\n\n\n\n<h4 class=\"wp-block-heading\">Prawo do sprostowania danych osobowych (art. 16 RODO)<\/h4>\n\n\n\n<p>Je\u017celi Twoje dane osobowe s\u0105 nieprawid\u0142owe masz prawo \u017c\u0105dania od nas niezw\u0142ocznego sprostowania Twoich danych osobowych. Masz te\u017c prawo do \u017c\u0105dania uzupe\u0142nienia przez nas Twoich danych osobowych.<\/p>\n\n\n\n<h4 class=\"wp-block-heading\">Prawo do usuni\u0119cia danych osobowych, tzw. \"prawo do bycia zapomnianym\" (art. 17 RODO)<\/h4>\n\n\n\n<p>Masz prawo \u017c\u0105dania usuni\u0119cia swoich danych osobowych, gdy:<\/p>\n\n\n\n<ul class=\"wp-block-list\">\n<li>Twoje dane osobowe przesta\u0142y by\u0107 niezb\u0119dne do cel\u00f3w, dla kt\u00f3rych zosta\u0142y zebrane lub w inny spos\u00f3b przetwarzane;<\/li>\n\n\n\n<li>wycofa\u0142e\u015b okre\u015blon\u0105 zgod\u0119, w zakresie w jakim dane osobowe by\u0142y przetwarzane w oparciu o Twoj\u0105 zgod\u0119;<\/li>\n\n\n\n<li>Twoje dane osobowe by\u0142y przetwarzane niezgodnie z prawem;<\/li>\n\n\n\n<li>wnios\u0142e\u015b\/wnios\u0142a\u015b sprzeciw wobec przetwarzania Twoich danych osobowych na potrzeby marketingu bezpo\u015bredniego, w tym profilowania, w zakresie w jakim przetwarzanie danych osobowych jest zwi\u0105zane z marketingiem bezpo\u015brednim;<\/li>\n\n\n\n<li>wnios\u0142e\u015b\/wnios\u0142a\u015b sprzeciw wobec przetwarzania Twoich danych osobowych w zwi\u0105zku z przetwarzaniem niezb\u0119dnym dla wykonania zadania realizowanego w interesie publicznym lub przetwarzania niezb\u0119dnego dla cel\u00f3w wynikaj\u0105cych z prawnie uzasadnionych interes\u00f3w realizowanych przez nas lub stron\u0119 trzeci\u0105.<\/li>\n<\/ul>\n\n\n\n<p>Pomimo zg\u0142oszenia \u017c\u0105dania usuni\u0119cia danych osobowych mo\u017cemy przetwarza\u0107 Twoje dane dalej w celu ustalenia, dochodzenia lub obrony roszcze\u0144 o czym zostaniesz poinformowany\/poinformowana.<\/p>\n\n\n\n<h4 class=\"wp-block-heading\">Prawo do zg\u0142oszenia \u017c\u0105dania ograniczenia przetwarzania danych osobowych (art. 18 RODO)<\/h4>\n\n\n\n<p>Masz prawo do \u017c\u0105dania ograniczenia przetwarzania Twoich danych osobowych, gdy:<\/p>\n\n\n\n<ul class=\"wp-block-list\">\n<li>kwestionujesz prawid\u0142owo\u015b\u0107 swoich danych osobowych \u2013 w takim wypadku ograniczymy przetwarzanie Twoich danych osobowych na czas pozwalaj\u0105cy sprawdzi\u0107 prawid\u0142owo\u015b\u0107 tych danych;<\/li>\n\n\n\n<li>przetwarzanie Twoich danych jest niezgodne z prawem, a zamiast usuni\u0119cia danych osobowych za\u017c\u0105dasz ograniczenia przetwarzania Twoich danych osobowych;<\/li>\n\n\n\n<li>Twoje dane osobowe przesta\u0142y by\u0107 potrzebne do cel\u00f3w przetwarzania, ale s\u0105 one potrzebne w celu ustalenia, dochodzenia lub obrony Twoich roszcze\u0144;<\/li>\n\n\n\n<li>zg\u0142osi\u0142e\u015b\/zg\u0142osi\u0142a\u015b sprzeciw wobec przetwarzania Twoich danych osobowych \u2013 do czasu stwierdzenia czy nasze prawnie uzasadnione interesy s\u0105 nadrz\u0119dne wobec podstaw wskazanych w Twoim sprzeciwie.<\/li>\n<\/ul>\n\n\n\n<h4 class=\"wp-block-heading\">Prawo do sprzeciwu wobec przetwarzania danych osobowych (art. 21 RODO)<\/h4>\n\n\n\n<p>Masz prawo w dowolnym momencie wnie\u015b\u0107 sprzeciw wobec przetwarzania Twoich danych osobowych, w zwi\u0105zku z:<\/p>\n\n\n\n<ul class=\"wp-block-list\">\n<li>przetwarzaniem niezb\u0119dnym dla wykonania zadania realizowanego w interesie publicznym lub przetwarzania niezb\u0119dnego dla cel\u00f3w wynikaj\u0105cych z prawnie uzasadnionych interes\u00f3w realizowanych przez Administratora danych osobowych lub stron\u0119 trzeci\u0105;<\/li>\n\n\n\n<li>przetwarzaniem na potrzeby marketingu bezpo\u015bredniego.<\/li>\n<\/ul>\n\n\n\n<h4 class=\"wp-block-heading\">Skarga do organu nadzorczego<\/h4>\n\n\n\n<p>Je\u017celi s\u0105dzisz, \u017ce przetwarzanie Twoich danych osobowych narusza przepisy ochrony danych osobowych masz prawo z\u0142o\u017cenia skargi do organu nadzorczego, w szczeg\u00f3lno\u015bci w pa\u0144stwie cz\u0142onkowskim swojego zwyk\u0142ego pobytu, swojego miejsca pracy lub miejsca pope\u0142nienia domniemanego naruszenia.<\/p>\n\n\n\n<p>W Polsce organem nadzorczym w rozumieniu RODO jest Prezes Urz\u0119du Ochrony Danych Osobowych.<\/p>\n\n\n\n<p>Wi\u0119cej informacji znajdziesz <a href=\"https:\/\/uodo.gov.pl\/pl\/501\/2278\" target=\"_blank\" rel=\"noreferrer noopener\">tutaj<\/a>.<\/p>\n\n\n\n<h2 class=\"wp-block-heading\">Pliki \u201ecookies\u201d<\/h2>\n\n\n\n<h3 class=\"wp-block-heading\">Informacje og\u00f3lne<\/h3>\n\n\n\n<p>Podczas przegl\u0105dania strony internetowej s\u0105 u\u017cywane pliki \"cookies\", zwane dalej Cookies, czyli niewielkie informacje tekstowe, kt\u00f3re s\u0105 zapisywane w Twoim urz\u0105dzeniu ko\u0144cowym w zwi\u0105zku z korzystaniem ze strony. Ich stosowanie ma na celu poprawne dzia\u0142anie stron internetowych.<\/p>\n\n\n\n<p>Pliki te pozwalaj\u0105 zidentyfikowa\u0107 oprogramowanie wykorzystywane przez Ciebie i dostosowa\u0107 stron\u0119 indywidualnie do Twoich potrzeb.<\/p>\n\n\n\n<p>Pliki Cookies zazwyczaj zawieraj\u0105 nazw\u0119 domeny, z kt\u00f3rej pochodz\u0105, czas przechowywania ich na urz\u0105dzeniu oraz przypisan\u0105 warto\u015b\u0107.<\/p>\n\n\n\n<h3 class=\"wp-block-heading\">Bezpiecze\u0144stwo<\/h3>\n\n\n\n<p>Stosowane przez nas pliki Cookies s\u0105 bezpieczne dla Twoich urz\u0105dze\u0144. W szczeg\u00f3lno\u015bci nie jest mo\u017cliwe przedostanie si\u0119 do Twoich urz\u0105dze\u0144 poprzez pliki Cookies wirus\u00f3w lub innego niechcianego oprogramowania lub oprogramowania z\u0142o\u015bliwego.<\/p>\n\n\n\n<h3 class=\"wp-block-heading\">Rodzaje plik\u00f3w Cookies<\/h3>\n\n\n\n<p>Stosujemy dwa rodzaje plik\u00f3w Cookies:<\/p>\n\n\n\n<ul class=\"wp-block-list\">\n<li>Cookies sesyjne: s\u0105 przechowywane na Twoim urz\u0105dzeniu i pozostaj\u0105 tam do momentu zako\u0144czenia sesji danej przegl\u0105darki. Zapisane informacje s\u0105 w\u00f3wczas trwale usuwane z pami\u0119ci Twojego urz\u0105dzenia. Mechanizm Cookies sesyjnych nie pozwala na pobieranie jakichkolwiek danych osobowych ani \u017cadnych informacji poufnych z Twojego urz\u0105dzenia.<\/li>\n\n\n\n<li>Cookies trwa\u0142e: s\u0105 przechowywane na Twoim urz\u0105dzeniu i pozostaj\u0105 tam do momentu ich skasowania. Zako\u0144czenie sesji danej przegl\u0105darki lub wy\u0142\u0105czenie urz\u0105dzenia nie powoduje ich usuni\u0119cia z Twojego urz\u0105dzenia. Mechanizm Cookies trwa\u0142ych nie pozwala na pobieranie jakichkolwiek danych osobowych ani \u017cadnych informacji poufnych z Twojego urz\u0105dzenia.<\/li>\n<\/ul>\n\n\n\n<h3 class=\"wp-block-heading\">Cele<\/h3>\n\n\n\n<p>Wykorzystujemy tak\u017ce pliki Cookies podmiot\u00f3w zewn\u0119trznych w nast\u0119puj\u0105cych celach:<\/p>\n\n\n\n<ul class=\"wp-block-list\">\n<li>Konfiguracji strony;<\/li>\n\n\n\n<li>tworzenia statystyk, kt\u00f3re pomagaj\u0105 zrozumie\u0107, w jaki spos\u00f3b u\u017cytkownicy korzystaj\u0105 ze strony internetowej, co umo\u017cliwia ulepszanie ich struktury i zawarto\u015bci za po\u015brednictwem narz\u0119dzi analitycznych Google Analytics, kt\u00f3rych administratorem jest Google Ireland Ltd. z siedzib\u0105 w Irlandii, Polityka ochrony prywatno\u015bci Google jest dost\u0119pna pod nast\u0119puj\u0105cym linkiem: https:\/\/policies.google.com\/privacy?fg=1;<\/li>\n<\/ul>\n\n\n\n<p>Aby pozna\u0107 zasady korzystania z Cookies, zalecamy zapoznanie si\u0119 z politykami prywatno\u015bci wy\u017cej wskazanych firm.<\/p>\n\n\n\n<p>Cookies mog\u0105 by\u0107 wykorzystane przez sieci reklamowe, w szczeg\u00f3lno\u015bci sie\u0107 Google, do wy\u015bwietlenia reklam dopasowanych do Twoich preferencji. W tym celu mog\u0105 zosta\u0107 zachowane informacje o sposobie poruszania si\u0119 przez Ciebie w sieci lub czasie skorzystania ze strony internetowej.<\/p>\n\n\n\n<p>Aby przegl\u0105da\u0107 i edytowa\u0107 informacje o Twoich preferencjach, gromadzonych przez sie\u0107 reklamow\u0105 Google, mo\u017cesz skorzysta\u0107 z narz\u0119dzia zamieszczonego pod linkiem https:\/\/www.google.com\/ads\/preferences\/.<\/p>\n\n\n\n<p>Za pomoc\u0105 ustawie\u0144 przegl\u0105darki internetowej lub za pomoc\u0105 konfiguracji us\u0142ugi, mo\u017cesz samodzielnie i w ka\u017cdym czasie zmieni\u0107 ustawienia dotycz\u0105ce Cookies, okre\u015blaj\u0105c warunki ich przechowywania i uzyskiwania dost\u0119pu przez Cookies do Twojego urz\u0105dzenia. Ustawienia te mo\u017cesz zmieni\u0107 tak, aby blokowa\u0107 automatyczn\u0105 obs\u0142ug\u0119 Cookies w ustawieniach przegl\u0105darki internetowej b\u0105d\u017a informowa\u0107 o ich ka\u017cdorazowym zamieszczeniu na Twoim urz\u0105dzeniu. Szczeg\u00f3\u0142owe informacje o mo\u017cliwo\u015bci i sposobach obs\u0142ugi Cookies dost\u0119pne s\u0105 w ustawieniach Twojego oprogramowania (przegl\u0105darki internetowej).<\/p>\n","protected":false},"excerpt":{"rendered":"<p>CZYM JEST POLITYKA PRYWATNO\u015aCI? Chcieliby\u015bmy zapozna\u0107 Ci\u0119 ze szczeg\u00f3\u0142ami przetwarzania przez nas Twoich danych osobowych, aby da\u0107 Ci pe\u0142n\u0105 wiedz\u0119...<\/p>\n","protected":false},"author":1,"featured_media":0,"parent":0,"menu_order":0,"comment_status":"closed","ping_status":"open","template":"","meta":{"_acf_changed":false,"footnotes":""},"class_list":["post-1520","page","type-page","status-publish","hentry"],"acf":[],"yoast_head":"<!-- This site is optimized with the Yoast SEO plugin v25.1 - https:\/\/yoast.com\/wordpress\/plugins\/seo\/ -->\n<title>Privacy Policy - Radiotechnika Marketing - Witamy<\/title>\n<meta name=\"robots\" content=\"index, follow, max-snippet:-1, max-image-preview:large, max-video-preview:-1\" \/>\n<link rel=\"canonical\" href=\"https:\/\/radiotechnika.com.pl\/en\/privacy-policy\/\" \/>\n<meta property=\"og:locale\" content=\"en_US\" \/>\n<meta property=\"og:type\" content=\"article\" \/>\n<meta property=\"og:title\" content=\"Privacy Policy - Radiotechnika Marketing - Witamy\" \/>\n<meta property=\"og:description\" content=\"CZYM JEST POLITYKA PRYWATNO\u015aCI? Chcieliby\u015bmy zapozna\u0107 Ci\u0119 ze szczeg\u00f3\u0142ami przetwarzania przez nas Twoich danych osobowych, aby da\u0107 Ci pe\u0142n\u0105 wiedz\u0119...\" \/>\n<meta property=\"og:url\" content=\"https:\/\/radiotechnika.com.pl\/en\/privacy-policy\/\" \/>\n<meta property=\"og:site_name\" content=\"Radiotechnika Marketing - Witamy\" \/>\n<meta property=\"article:modified_time\" content=\"2024-11-17T19:39:05+00:00\" \/>\n<meta name=\"twitter:card\" content=\"summary_large_image\" \/>\n<meta name=\"twitter:label1\" content=\"Est. reading time\" \/>\n\t<meta name=\"twitter:data1\" content=\"24 minutes\" \/>\n<script type=\"application\/ld+json\" class=\"yoast-schema-graph\">{\"@context\":\"https:\/\/schema.org\",\"@graph\":[{\"@type\":\"WebPage\",\"@id\":\"https:\/\/radiotechnika.com.pl\/en\/privacy-policy\/\",\"url\":\"https:\/\/radiotechnika.com.pl\/en\/privacy-policy\/\",\"name\":\"Privacy Policy - Radiotechnika Marketing - Witamy\",\"isPartOf\":{\"@id\":\"https:\/\/radiotechnika.com.pl\/en\/#website\"},\"datePublished\":\"2022-07-19T19:14:14+00:00\",\"dateModified\":\"2024-11-17T19:39:05+00:00\",\"breadcrumb\":{\"@id\":\"https:\/\/radiotechnika.com.pl\/en\/privacy-policy\/#breadcrumb\"},\"inLanguage\":\"en-US\",\"potentialAction\":[{\"@type\":\"ReadAction\",\"target\":[\"https:\/\/radiotechnika.com.pl\/en\/privacy-policy\/\"]}]},{\"@type\":\"BreadcrumbList\",\"@id\":\"https:\/\/radiotechnika.com.pl\/en\/privacy-policy\/#breadcrumb\",\"itemListElement\":[{\"@type\":\"ListItem\",\"position\":1,\"name\":\"Home\",\"item\":\"https:\/\/radiotechnika.com.pl\/en\/\"},{\"@type\":\"ListItem\",\"position\":2,\"name\":\"Privacy Policy\"}]},{\"@type\":\"WebSite\",\"@id\":\"https:\/\/radiotechnika.com.pl\/en\/#website\",\"url\":\"https:\/\/radiotechnika.com.pl\/en\/\",\"name\":\"Radiotechnika Marketing - Witamy\",\"description\":\"Radiotechnika Marketing &ndash; Producent i dystrybutor urz\u0105dze\u0144 i podzespo\u0142&oacute;w do zastosowa\u0144 wojskowych i przemys\u0142owych. Kable, \u015bwiat\u0142owody, sieci komputerowe\",\"potentialAction\":[{\"@type\":\"SearchAction\",\"target\":{\"@type\":\"EntryPoint\",\"urlTemplate\":\"https:\/\/radiotechnika.com.pl\/en\/?s={search_term_string}\"},\"query-input\":{\"@type\":\"PropertyValueSpecification\",\"valueRequired\":true,\"valueName\":\"search_term_string\"}}],\"inLanguage\":\"en-US\"}]}<\/script>\n<!-- \/ Yoast SEO plugin. -->","yoast_head_json":{"title":"Privacy Policy - Radiotechnika Marketing - Witamy","robots":{"index":"index","follow":"follow","max-snippet":"max-snippet:-1","max-image-preview":"max-image-preview:large","max-video-preview":"max-video-preview:-1"},"canonical":"https:\/\/radiotechnika.com.pl\/en\/privacy-policy\/","og_locale":"en_US","og_type":"article","og_title":"Privacy Policy - Radiotechnika Marketing - Witamy","og_description":"CZYM JEST POLITYKA PRYWATNO\u015aCI? Chcieliby\u015bmy zapozna\u0107 Ci\u0119 ze szczeg\u00f3\u0142ami przetwarzania przez nas Twoich danych osobowych, aby da\u0107 Ci pe\u0142n\u0105 wiedz\u0119...","og_url":"https:\/\/radiotechnika.com.pl\/en\/privacy-policy\/","og_site_name":"Radiotechnika Marketing - Witamy","article_modified_time":"2024-11-17T19:39:05+00:00","twitter_card":"summary_large_image","twitter_misc":{"Est. reading time":"24 minutes"},"schema":{"@context":"https:\/\/schema.org","@graph":[{"@type":"WebPage","@id":"https:\/\/radiotechnika.com.pl\/en\/privacy-policy\/","url":"https:\/\/radiotechnika.com.pl\/en\/privacy-policy\/","name":"Privacy Policy - Radiotechnika Marketing - Witamy","isPartOf":{"@id":"https:\/\/radiotechnika.com.pl\/en\/#website"},"datePublished":"2022-07-19T19:14:14+00:00","dateModified":"2024-11-17T19:39:05+00:00","breadcrumb":{"@id":"https:\/\/radiotechnika.com.pl\/en\/privacy-policy\/#breadcrumb"},"inLanguage":"en-US","potentialAction":[{"@type":"ReadAction","target":["https:\/\/radiotechnika.com.pl\/en\/privacy-policy\/"]}]},{"@type":"BreadcrumbList","@id":"https:\/\/radiotechnika.com.pl\/en\/privacy-policy\/#breadcrumb","itemListElement":[{"@type":"ListItem","position":1,"name":"Home","item":"https:\/\/radiotechnika.com.pl\/en\/"},{"@type":"ListItem","position":2,"name":"Privacy Policy"}]},{"@type":"WebSite","@id":"https:\/\/radiotechnika.com.pl\/en\/#website","url":"https:\/\/radiotechnika.com.pl\/en\/","name":"Radiotechnika Marketing - Witamy","description":"Radiotechnika Marketing &ndash; Producent i dystrybutor urz\u0105dze\u0144 i podzespo\u0142&oacute;w do zastosowa\u0144 wojskowych i przemys\u0142owych. Kable, \u015bwiat\u0142owody, sieci komputerowe","potentialAction":[{"@type":"SearchAction","target":{"@type":"EntryPoint","urlTemplate":"https:\/\/radiotechnika.com.pl\/en\/?s={search_term_string}"},"query-input":{"@type":"PropertyValueSpecification","valueRequired":true,"valueName":"search_term_string"}}],"inLanguage":"en-US"}]}},"_links":{"self":[{"href":"https:\/\/radiotechnika.com.pl\/en\/wp-json\/wp\/v2\/pages\/1520","targetHints":{"allow":["GET"]}}],"collection":[{"href":"https:\/\/radiotechnika.com.pl\/en\/wp-json\/wp\/v2\/pages"}],"about":[{"href":"https:\/\/radiotechnika.com.pl\/en\/wp-json\/wp\/v2\/types\/page"}],"author":[{"embeddable":true,"href":"https:\/\/radiotechnika.com.pl\/en\/wp-json\/wp\/v2\/users\/1"}],"replies":[{"embeddable":true,"href":"https:\/\/radiotechnika.com.pl\/en\/wp-json\/wp\/v2\/comments?post=1520"}],"version-history":[{"count":1,"href":"https:\/\/radiotechnika.com.pl\/en\/wp-json\/wp\/v2\/pages\/1520\/revisions"}],"predecessor-version":[{"id":1521,"href":"https:\/\/radiotechnika.com.pl\/en\/wp-json\/wp\/v2\/pages\/1520\/revisions\/1521"}],"wp:attachment":[{"href":"https:\/\/radiotechnika.com.pl\/en\/wp-json\/wp\/v2\/media?parent=1520"}],"curies":[{"name":"wp","href":"https:\/\/api.w.org\/{rel}","templated":true}]}}