{"id":1470,"date":"2022-07-26T14:20:28","date_gmt":"2022-07-26T14:20:28","guid":{"rendered":"https:\/\/radiotechnika.com.pl\/?page_id=1470"},"modified":"2024-11-17T14:56:48","modified_gmt":"2024-11-17T14:56:48","slug":"jobs","status":"publish","type":"page","link":"https:\/\/radiotechnika.com.pl\/en\/jobs\/","title":{"rendered":"Jobs"},"content":{"rendered":"\n<h2 class=\"wp-block-heading heading-after\">Kogo szukamy?<\/h2>\n\n\n\n<p>Lorem ipsum dolor sit amet, consetetur sadipscing elitr, sed diam nonumy eirmod tempor invidunt ut labore et dolore magna aliquyam erat, sed diam voluptua. At vero eos et accusam et justo duo dolores et ea rebum. Stet clita kasd gubergren, no sea takimata sanctus est Lorem ipsum dolor sit amet.<\/p>\n\n\n\n<p>Lorem ipsum dolor sit amet, consetetur sadipscing elitr, sed diam nonumy eirmod tempor invidunt ut labore et dolore magna aliquyam erat, sed diam voluptua. At vero eos et accusam et justo duo dolores et ea rebum.<\/p>\n","protected":false},"excerpt":{"rendered":"<p>Kogo szukamy? Lorem ipsum dolor sit amet, consetetur sadipscing elitr, sed diam nonumy eirmod tempor invidunt ut labore et dolore...<\/p>\n","protected":false},"author":1,"featured_media":0,"parent":0,"menu_order":0,"comment_status":"closed","ping_status":"closed","template":"","meta":{"_acf_changed":false,"footnotes":""},"class_list":["post-1470","page","type-page","status-publish","hentry"],"acf":[],"yoast_head":"<!-- This site is optimized with the Yoast SEO plugin v25.1 - https:\/\/yoast.com\/wordpress\/plugins\/seo\/ -->\n<title>Jobs - Radiotechnika Marketing - Witamy<\/title>\n<meta name=\"robots\" content=\"index, follow, max-snippet:-1, max-image-preview:large, max-video-preview:-1\" \/>\n<link rel=\"canonical\" href=\"https:\/\/radiotechnika.com.pl\/en\/jobs\/\" \/>\n<meta property=\"og:locale\" content=\"en_US\" \/>\n<meta property=\"og:type\" content=\"article\" \/>\n<meta property=\"og:title\" content=\"Jobs - Radiotechnika Marketing - Witamy\" \/>\n<meta property=\"og:description\" content=\"Kogo szukamy? Lorem ipsum dolor sit amet, consetetur sadipscing elitr, sed diam nonumy eirmod tempor invidunt ut labore et dolore...\" \/>\n<meta property=\"og:url\" content=\"https:\/\/radiotechnika.com.pl\/en\/jobs\/\" \/>\n<meta property=\"og:site_name\" content=\"Radiotechnika Marketing - Witamy\" \/>\n<meta property=\"article:modified_time\" content=\"2024-11-17T14:56:48+00:00\" \/>\n<meta name=\"twitter:card\" content=\"summary_large_image\" \/>\n<meta name=\"twitter:label1\" content=\"Est. reading time\" \/>\n\t<meta name=\"twitter:data1\" content=\"1 minute\" \/>\n<script type=\"application\/ld+json\" class=\"yoast-schema-graph\">{\"@context\":\"https:\/\/schema.org\",\"@graph\":[{\"@type\":\"WebPage\",\"@id\":\"https:\/\/radiotechnika.com.pl\/en\/jobs\/\",\"url\":\"https:\/\/radiotechnika.com.pl\/en\/jobs\/\",\"name\":\"Jobs - Radiotechnika Marketing - Witamy\",\"isPartOf\":{\"@id\":\"https:\/\/radiotechnika.com.pl\/en\/#website\"},\"datePublished\":\"2022-07-26T14:20:28+00:00\",\"dateModified\":\"2024-11-17T14:56:48+00:00\",\"breadcrumb\":{\"@id\":\"https:\/\/radiotechnika.com.pl\/en\/jobs\/#breadcrumb\"},\"inLanguage\":\"en-US\",\"potentialAction\":[{\"@type\":\"ReadAction\",\"target\":[\"https:\/\/radiotechnika.com.pl\/en\/jobs\/\"]}]},{\"@type\":\"BreadcrumbList\",\"@id\":\"https:\/\/radiotechnika.com.pl\/en\/jobs\/#breadcrumb\",\"itemListElement\":[{\"@type\":\"ListItem\",\"position\":1,\"name\":\"Home\",\"item\":\"https:\/\/radiotechnika.com.pl\/en\/\"},{\"@type\":\"ListItem\",\"position\":2,\"name\":\"Jobs\"}]},{\"@type\":\"WebSite\",\"@id\":\"https:\/\/radiotechnika.com.pl\/en\/#website\",\"url\":\"https:\/\/radiotechnika.com.pl\/en\/\",\"name\":\"Radiotechnika Marketing - Witamy\",\"description\":\"Radiotechnika Marketing &ndash; Producent i dystrybutor urz\u0105dze\u0144 i podzespo\u0142&oacute;w do zastosowa\u0144 wojskowych i przemys\u0142owych. Kable, \u015bwiat\u0142owody, sieci komputerowe\",\"potentialAction\":[{\"@type\":\"SearchAction\",\"target\":{\"@type\":\"EntryPoint\",\"urlTemplate\":\"https:\/\/radiotechnika.com.pl\/en\/?s={search_term_string}\"},\"query-input\":{\"@type\":\"PropertyValueSpecification\",\"valueRequired\":true,\"valueName\":\"search_term_string\"}}],\"inLanguage\":\"en-US\"}]}<\/script>\n<!-- \/ Yoast SEO plugin. -->","yoast_head_json":{"title":"Jobs - Radiotechnika Marketing - Witamy","robots":{"index":"index","follow":"follow","max-snippet":"max-snippet:-1","max-image-preview":"max-image-preview:large","max-video-preview":"max-video-preview:-1"},"canonical":"https:\/\/radiotechnika.com.pl\/en\/jobs\/","og_locale":"en_US","og_type":"article","og_title":"Jobs - Radiotechnika Marketing - Witamy","og_description":"Kogo szukamy? Lorem ipsum dolor sit amet, consetetur sadipscing elitr, sed diam nonumy eirmod tempor invidunt ut labore et dolore...","og_url":"https:\/\/radiotechnika.com.pl\/en\/jobs\/","og_site_name":"Radiotechnika Marketing - Witamy","article_modified_time":"2024-11-17T14:56:48+00:00","twitter_card":"summary_large_image","twitter_misc":{"Est. reading time":"1 minute"},"schema":{"@context":"https:\/\/schema.org","@graph":[{"@type":"WebPage","@id":"https:\/\/radiotechnika.com.pl\/en\/jobs\/","url":"https:\/\/radiotechnika.com.pl\/en\/jobs\/","name":"Jobs - Radiotechnika Marketing - Witamy","isPartOf":{"@id":"https:\/\/radiotechnika.com.pl\/en\/#website"},"datePublished":"2022-07-26T14:20:28+00:00","dateModified":"2024-11-17T14:56:48+00:00","breadcrumb":{"@id":"https:\/\/radiotechnika.com.pl\/en\/jobs\/#breadcrumb"},"inLanguage":"en-US","potentialAction":[{"@type":"ReadAction","target":["https:\/\/radiotechnika.com.pl\/en\/jobs\/"]}]},{"@type":"BreadcrumbList","@id":"https:\/\/radiotechnika.com.pl\/en\/jobs\/#breadcrumb","itemListElement":[{"@type":"ListItem","position":1,"name":"Home","item":"https:\/\/radiotechnika.com.pl\/en\/"},{"@type":"ListItem","position":2,"name":"Jobs"}]},{"@type":"WebSite","@id":"https:\/\/radiotechnika.com.pl\/en\/#website","url":"https:\/\/radiotechnika.com.pl\/en\/","name":"Radiotechnika Marketing - Witamy","description":"Radiotechnika Marketing &ndash; Producent i dystrybutor urz\u0105dze\u0144 i podzespo\u0142&oacute;w do zastosowa\u0144 wojskowych i przemys\u0142owych. Kable, \u015bwiat\u0142owody, sieci komputerowe","potentialAction":[{"@type":"SearchAction","target":{"@type":"EntryPoint","urlTemplate":"https:\/\/radiotechnika.com.pl\/en\/?s={search_term_string}"},"query-input":{"@type":"PropertyValueSpecification","valueRequired":true,"valueName":"search_term_string"}}],"inLanguage":"en-US"}]}},"_links":{"self":[{"href":"https:\/\/radiotechnika.com.pl\/en\/wp-json\/wp\/v2\/pages\/1470","targetHints":{"allow":["GET"]}}],"collection":[{"href":"https:\/\/radiotechnika.com.pl\/en\/wp-json\/wp\/v2\/pages"}],"about":[{"href":"https:\/\/radiotechnika.com.pl\/en\/wp-json\/wp\/v2\/types\/page"}],"author":[{"embeddable":true,"href":"https:\/\/radiotechnika.com.pl\/en\/wp-json\/wp\/v2\/users\/1"}],"replies":[{"embeddable":true,"href":"https:\/\/radiotechnika.com.pl\/en\/wp-json\/wp\/v2\/comments?post=1470"}],"version-history":[{"count":3,"href":"https:\/\/radiotechnika.com.pl\/en\/wp-json\/wp\/v2\/pages\/1470\/revisions"}],"predecessor-version":[{"id":1477,"href":"https:\/\/radiotechnika.com.pl\/en\/wp-json\/wp\/v2\/pages\/1470\/revisions\/1477"}],"wp:attachment":[{"href":"https:\/\/radiotechnika.com.pl\/en\/wp-json\/wp\/v2\/media?parent=1470"}],"curies":[{"name":"wp","href":"https:\/\/api.w.org\/{rel}","templated":true}]}}