{"id":1467,"date":"2024-02-07T17:41:56","date_gmt":"2024-02-07T17:41:56","guid":{"rendered":"https:\/\/radiotechnika.com.pl\/?page_id=1467"},"modified":"2024-11-15T17:29:47","modified_gmt":"2024-11-15T17:29:47","slug":"distribution","status":"publish","type":"page","link":"https:\/\/radiotechnika.com.pl\/en\/distribution\/","title":{"rendered":"Distribution"},"content":{"rendered":"","protected":false},"excerpt":{"rendered":"","protected":false},"author":1,"featured_media":0,"parent":0,"menu_order":0,"comment_status":"closed","ping_status":"closed","template":"","meta":{"_acf_changed":false,"footnotes":""},"class_list":["post-1467","page","type-page","status-publish","hentry"],"acf":[],"yoast_head":"<!-- This site is optimized with the Yoast SEO plugin v25.1 - https:\/\/yoast.com\/wordpress\/plugins\/seo\/ -->\n<title>Distribution - Radiotechnika Marketing - Witamy<\/title>\n<meta name=\"robots\" content=\"index, follow, max-snippet:-1, max-image-preview:large, max-video-preview:-1\" \/>\n<link rel=\"canonical\" href=\"https:\/\/radiotechnika.com.pl\/en\/distribution\/\" \/>\n<meta property=\"og:locale\" content=\"en_US\" \/>\n<meta property=\"og:type\" content=\"article\" \/>\n<meta property=\"og:title\" content=\"Distribution - Radiotechnika Marketing - Witamy\" \/>\n<meta property=\"og:url\" content=\"https:\/\/radiotechnika.com.pl\/en\/distribution\/\" \/>\n<meta property=\"og:site_name\" content=\"Radiotechnika Marketing - Witamy\" \/>\n<meta property=\"article:modified_time\" content=\"2024-11-15T17:29:47+00:00\" \/>\n<meta name=\"twitter:card\" content=\"summary_large_image\" \/>\n<script type=\"application\/ld+json\" class=\"yoast-schema-graph\">{\"@context\":\"https:\/\/schema.org\",\"@graph\":[{\"@type\":\"WebPage\",\"@id\":\"https:\/\/radiotechnika.com.pl\/en\/distribution\/\",\"url\":\"https:\/\/radiotechnika.com.pl\/en\/distribution\/\",\"name\":\"Distribution - Radiotechnika Marketing - Witamy\",\"isPartOf\":{\"@id\":\"https:\/\/radiotechnika.com.pl\/en\/#website\"},\"datePublished\":\"2024-02-07T17:41:56+00:00\",\"dateModified\":\"2024-11-15T17:29:47+00:00\",\"breadcrumb\":{\"@id\":\"https:\/\/radiotechnika.com.pl\/en\/distribution\/#breadcrumb\"},\"inLanguage\":\"en-US\",\"potentialAction\":[{\"@type\":\"ReadAction\",\"target\":[\"https:\/\/radiotechnika.com.pl\/en\/distribution\/\"]}]},{\"@type\":\"BreadcrumbList\",\"@id\":\"https:\/\/radiotechnika.com.pl\/en\/distribution\/#breadcrumb\",\"itemListElement\":[{\"@type\":\"ListItem\",\"position\":1,\"name\":\"Home\",\"item\":\"https:\/\/radiotechnika.com.pl\/en\/\"},{\"@type\":\"ListItem\",\"position\":2,\"name\":\"Distribution\"}]},{\"@type\":\"WebSite\",\"@id\":\"https:\/\/radiotechnika.com.pl\/en\/#website\",\"url\":\"https:\/\/radiotechnika.com.pl\/en\/\",\"name\":\"Radiotechnika Marketing - Witamy\",\"description\":\"Radiotechnika Marketing &ndash; Producent i dystrybutor urz\u0105dze\u0144 i podzespo\u0142&oacute;w do zastosowa\u0144 wojskowych i przemys\u0142owych. Kable, \u015bwiat\u0142owody, sieci komputerowe\",\"potentialAction\":[{\"@type\":\"SearchAction\",\"target\":{\"@type\":\"EntryPoint\",\"urlTemplate\":\"https:\/\/radiotechnika.com.pl\/en\/?s={search_term_string}\"},\"query-input\":{\"@type\":\"PropertyValueSpecification\",\"valueRequired\":true,\"valueName\":\"search_term_string\"}}],\"inLanguage\":\"en-US\"}]}<\/script>\n<!-- \/ Yoast SEO plugin. -->","yoast_head_json":{"title":"Distribution - Radiotechnika Marketing - Witamy","robots":{"index":"index","follow":"follow","max-snippet":"max-snippet:-1","max-image-preview":"max-image-preview:large","max-video-preview":"max-video-preview:-1"},"canonical":"https:\/\/radiotechnika.com.pl\/en\/distribution\/","og_locale":"en_US","og_type":"article","og_title":"Distribution - Radiotechnika Marketing - Witamy","og_url":"https:\/\/radiotechnika.com.pl\/en\/distribution\/","og_site_name":"Radiotechnika Marketing - Witamy","article_modified_time":"2024-11-15T17:29:47+00:00","twitter_card":"summary_large_image","schema":{"@context":"https:\/\/schema.org","@graph":[{"@type":"WebPage","@id":"https:\/\/radiotechnika.com.pl\/en\/distribution\/","url":"https:\/\/radiotechnika.com.pl\/en\/distribution\/","name":"Distribution - Radiotechnika Marketing - Witamy","isPartOf":{"@id":"https:\/\/radiotechnika.com.pl\/en\/#website"},"datePublished":"2024-02-07T17:41:56+00:00","dateModified":"2024-11-15T17:29:47+00:00","breadcrumb":{"@id":"https:\/\/radiotechnika.com.pl\/en\/distribution\/#breadcrumb"},"inLanguage":"en-US","potentialAction":[{"@type":"ReadAction","target":["https:\/\/radiotechnika.com.pl\/en\/distribution\/"]}]},{"@type":"BreadcrumbList","@id":"https:\/\/radiotechnika.com.pl\/en\/distribution\/#breadcrumb","itemListElement":[{"@type":"ListItem","position":1,"name":"Home","item":"https:\/\/radiotechnika.com.pl\/en\/"},{"@type":"ListItem","position":2,"name":"Distribution"}]},{"@type":"WebSite","@id":"https:\/\/radiotechnika.com.pl\/en\/#website","url":"https:\/\/radiotechnika.com.pl\/en\/","name":"Radiotechnika Marketing - Witamy","description":"Radiotechnika Marketing &ndash; Producent i dystrybutor urz\u0105dze\u0144 i podzespo\u0142&oacute;w do zastosowa\u0144 wojskowych i przemys\u0142owych. Kable, \u015bwiat\u0142owody, sieci komputerowe","potentialAction":[{"@type":"SearchAction","target":{"@type":"EntryPoint","urlTemplate":"https:\/\/radiotechnika.com.pl\/en\/?s={search_term_string}"},"query-input":{"@type":"PropertyValueSpecification","valueRequired":true,"valueName":"search_term_string"}}],"inLanguage":"en-US"}]}},"_links":{"self":[{"href":"https:\/\/radiotechnika.com.pl\/en\/wp-json\/wp\/v2\/pages\/1467","targetHints":{"allow":["GET"]}}],"collection":[{"href":"https:\/\/radiotechnika.com.pl\/en\/wp-json\/wp\/v2\/pages"}],"about":[{"href":"https:\/\/radiotechnika.com.pl\/en\/wp-json\/wp\/v2\/types\/page"}],"author":[{"embeddable":true,"href":"https:\/\/radiotechnika.com.pl\/en\/wp-json\/wp\/v2\/users\/1"}],"replies":[{"embeddable":true,"href":"https:\/\/radiotechnika.com.pl\/en\/wp-json\/wp\/v2\/comments?post=1467"}],"version-history":[{"count":1,"href":"https:\/\/radiotechnika.com.pl\/en\/wp-json\/wp\/v2\/pages\/1467\/revisions"}],"predecessor-version":[{"id":1468,"href":"https:\/\/radiotechnika.com.pl\/en\/wp-json\/wp\/v2\/pages\/1467\/revisions\/1468"}],"wp:attachment":[{"href":"https:\/\/radiotechnika.com.pl\/en\/wp-json\/wp\/v2\/media?parent=1467"}],"curies":[{"name":"wp","href":"https:\/\/api.w.org\/{rel}","templated":true}]}}