{"id":1457,"date":"2022-07-26T13:14:28","date_gmt":"2022-07-26T13:14:28","guid":{"rendered":"https:\/\/radiotechnika.com.pl\/o-firmie\/"},"modified":"2024-11-12T09:42:05","modified_gmt":"2024-11-12T09:42:05","slug":"about-the-company","status":"publish","type":"page","link":"https:\/\/radiotechnika.com.pl\/en\/about-the-company\/","title":{"rendered":"About the company"},"content":{"rendered":"\n<p><span style=\"color:#009be3;\">Radiotechnika Marketing<\/span> is a modern manufacturer of special purpose systems and appliances. It develops individual solutions in the field of design and production of\u00a0cable connectors, wire and fibre optic harnesses, power supply and control systems, and electromagnetic compatibility. The company\u2019s portfolio includes its own innovative products, products from distribution portfolio from recognized supplies, engineering and maintenance services, as well as testing for compliance with electromagnetic compatibility standards (EMC) in its own accredited laboratory.<\/p>\n\n\n\n<p>Thanks to the unique competence, knowledge and experience gained during 30 years of operation in the market, Radiotechnika Marketing has strengthened its position as a reliable partner for both military and industrial contractors. Thanks to its comprehensive and individual approach, the company is able to provide solutions tailored to the needs of the most demanding customers, from design to finished product.<\/p>\n\n\n\n<h2 class=\"wp-block-heading\"><strong>Mission of the company<\/strong><\/h2>\n\n\n\n<p>The mission of Radiotechnika Marketing Sp. z o.o. is to be an innovative, flexible and complete organisation that offers unique, innovative and technologically advanced solutions to customers all over the world, inspiring their development.<\/p>\n","protected":false},"excerpt":{"rendered":"<p>Radiotechnika Marketing is a modern manufacturer of special purpose systems and appliances. It develops individual solutions in the field of...<\/p>\n","protected":false},"author":1,"featured_media":0,"parent":0,"menu_order":0,"comment_status":"closed","ping_status":"closed","template":"","meta":{"_acf_changed":false,"footnotes":""},"class_list":["post-1457","page","type-page","status-publish","hentry"],"acf":[],"yoast_head":"<!-- This site is optimized with the Yoast SEO plugin v25.1 - https:\/\/yoast.com\/wordpress\/plugins\/seo\/ -->\n<title>About the company - Radiotechnika Marketing - Witamy<\/title>\n<meta name=\"robots\" content=\"index, follow, max-snippet:-1, max-image-preview:large, max-video-preview:-1\" \/>\n<link rel=\"canonical\" href=\"https:\/\/radiotechnika.com.pl\/en\/about-the-company\/\" \/>\n<meta property=\"og:locale\" content=\"en_US\" \/>\n<meta property=\"og:type\" content=\"article\" \/>\n<meta property=\"og:title\" content=\"About the company - Radiotechnika Marketing - Witamy\" \/>\n<meta property=\"og:description\" content=\"Radiotechnika Marketing is a modern manufacturer of special purpose systems and appliances. It develops individual solutions in the field of...\" \/>\n<meta property=\"og:url\" content=\"https:\/\/radiotechnika.com.pl\/en\/about-the-company\/\" \/>\n<meta property=\"og:site_name\" content=\"Radiotechnika Marketing - Witamy\" \/>\n<meta property=\"article:modified_time\" content=\"2024-11-12T09:42:05+00:00\" \/>\n<meta name=\"twitter:card\" content=\"summary_large_image\" \/>\n<meta name=\"twitter:label1\" content=\"Est. reading time\" \/>\n\t<meta name=\"twitter:data1\" content=\"6 minutes\" \/>\n<script type=\"application\/ld+json\" class=\"yoast-schema-graph\">{\"@context\":\"https:\/\/schema.org\",\"@graph\":[{\"@type\":\"WebPage\",\"@id\":\"https:\/\/radiotechnika.com.pl\/en\/about-the-company\/\",\"url\":\"https:\/\/radiotechnika.com.pl\/en\/about-the-company\/\",\"name\":\"About the company - Radiotechnika Marketing - Witamy\",\"isPartOf\":{\"@id\":\"https:\/\/radiotechnika.com.pl\/en\/#website\"},\"datePublished\":\"2022-07-26T13:14:28+00:00\",\"dateModified\":\"2024-11-12T09:42:05+00:00\",\"breadcrumb\":{\"@id\":\"https:\/\/radiotechnika.com.pl\/en\/about-the-company\/#breadcrumb\"},\"inLanguage\":\"en-US\",\"potentialAction\":[{\"@type\":\"ReadAction\",\"target\":[\"https:\/\/radiotechnika.com.pl\/en\/about-the-company\/\"]}]},{\"@type\":\"BreadcrumbList\",\"@id\":\"https:\/\/radiotechnika.com.pl\/en\/about-the-company\/#breadcrumb\",\"itemListElement\":[{\"@type\":\"ListItem\",\"position\":1,\"name\":\"Home\",\"item\":\"https:\/\/radiotechnika.com.pl\/en\/\"},{\"@type\":\"ListItem\",\"position\":2,\"name\":\"About the company\"}]},{\"@type\":\"WebSite\",\"@id\":\"https:\/\/radiotechnika.com.pl\/en\/#website\",\"url\":\"https:\/\/radiotechnika.com.pl\/en\/\",\"name\":\"Radiotechnika Marketing - Witamy\",\"description\":\"Radiotechnika Marketing &ndash; Producent i dystrybutor urz\u0105dze\u0144 i podzespo\u0142&oacute;w do zastosowa\u0144 wojskowych i przemys\u0142owych. Kable, \u015bwiat\u0142owody, sieci komputerowe\",\"potentialAction\":[{\"@type\":\"SearchAction\",\"target\":{\"@type\":\"EntryPoint\",\"urlTemplate\":\"https:\/\/radiotechnika.com.pl\/en\/?s={search_term_string}\"},\"query-input\":{\"@type\":\"PropertyValueSpecification\",\"valueRequired\":true,\"valueName\":\"search_term_string\"}}],\"inLanguage\":\"en-US\"}]}<\/script>\n<!-- \/ Yoast SEO plugin. -->","yoast_head_json":{"title":"About the company - Radiotechnika Marketing - Witamy","robots":{"index":"index","follow":"follow","max-snippet":"max-snippet:-1","max-image-preview":"max-image-preview:large","max-video-preview":"max-video-preview:-1"},"canonical":"https:\/\/radiotechnika.com.pl\/en\/about-the-company\/","og_locale":"en_US","og_type":"article","og_title":"About the company - Radiotechnika Marketing - Witamy","og_description":"Radiotechnika Marketing is a modern manufacturer of special purpose systems and appliances. It develops individual solutions in the field of...","og_url":"https:\/\/radiotechnika.com.pl\/en\/about-the-company\/","og_site_name":"Radiotechnika Marketing - Witamy","article_modified_time":"2024-11-12T09:42:05+00:00","twitter_card":"summary_large_image","twitter_misc":{"Est. reading time":"6 minutes"},"schema":{"@context":"https:\/\/schema.org","@graph":[{"@type":"WebPage","@id":"https:\/\/radiotechnika.com.pl\/en\/about-the-company\/","url":"https:\/\/radiotechnika.com.pl\/en\/about-the-company\/","name":"About the company - Radiotechnika Marketing - Witamy","isPartOf":{"@id":"https:\/\/radiotechnika.com.pl\/en\/#website"},"datePublished":"2022-07-26T13:14:28+00:00","dateModified":"2024-11-12T09:42:05+00:00","breadcrumb":{"@id":"https:\/\/radiotechnika.com.pl\/en\/about-the-company\/#breadcrumb"},"inLanguage":"en-US","potentialAction":[{"@type":"ReadAction","target":["https:\/\/radiotechnika.com.pl\/en\/about-the-company\/"]}]},{"@type":"BreadcrumbList","@id":"https:\/\/radiotechnika.com.pl\/en\/about-the-company\/#breadcrumb","itemListElement":[{"@type":"ListItem","position":1,"name":"Home","item":"https:\/\/radiotechnika.com.pl\/en\/"},{"@type":"ListItem","position":2,"name":"About the company"}]},{"@type":"WebSite","@id":"https:\/\/radiotechnika.com.pl\/en\/#website","url":"https:\/\/radiotechnika.com.pl\/en\/","name":"Radiotechnika Marketing - Witamy","description":"Radiotechnika Marketing &ndash; Producent i dystrybutor urz\u0105dze\u0144 i podzespo\u0142&oacute;w do zastosowa\u0144 wojskowych i przemys\u0142owych. Kable, \u015bwiat\u0142owody, sieci komputerowe","potentialAction":[{"@type":"SearchAction","target":{"@type":"EntryPoint","urlTemplate":"https:\/\/radiotechnika.com.pl\/en\/?s={search_term_string}"},"query-input":{"@type":"PropertyValueSpecification","valueRequired":true,"valueName":"search_term_string"}}],"inLanguage":"en-US"}]}},"_links":{"self":[{"href":"https:\/\/radiotechnika.com.pl\/en\/wp-json\/wp\/v2\/pages\/1457","targetHints":{"allow":["GET"]}}],"collection":[{"href":"https:\/\/radiotechnika.com.pl\/en\/wp-json\/wp\/v2\/pages"}],"about":[{"href":"https:\/\/radiotechnika.com.pl\/en\/wp-json\/wp\/v2\/types\/page"}],"author":[{"embeddable":true,"href":"https:\/\/radiotechnika.com.pl\/en\/wp-json\/wp\/v2\/users\/1"}],"replies":[{"embeddable":true,"href":"https:\/\/radiotechnika.com.pl\/en\/wp-json\/wp\/v2\/comments?post=1457"}],"version-history":[{"count":3,"href":"https:\/\/radiotechnika.com.pl\/en\/wp-json\/wp\/v2\/pages\/1457\/revisions"}],"predecessor-version":[{"id":1462,"href":"https:\/\/radiotechnika.com.pl\/en\/wp-json\/wp\/v2\/pages\/1457\/revisions\/1462"}],"wp:attachment":[{"href":"https:\/\/radiotechnika.com.pl\/en\/wp-json\/wp\/v2\/media?parent=1457"}],"curies":[{"name":"wp","href":"https:\/\/api.w.org\/{rel}","templated":true}]}}